{"id":9,"date":"2021-06-03T11:15:19","date_gmt":"2021-06-03T11:15:19","guid":{"rendered":"https:\/\/www.ara-kiesen.ch\/ch-de\/?page_id=9"},"modified":"2026-02-12T15:53:04","modified_gmt":"2026-02-12T13:53:04","slug":"anlage","status":"publish","type":"page","link":"https:\/\/www.ara-kiesen.ch\/ch-de\/anlage\/","title":{"rendered":"Anlage"},"content":{"rendered":"\n<p class=\"has-large-font-size\"><strong>Technische Daten<\/strong><\/p>\n\n\n\n<figure class=\"wp-block-table is-style-stripes\"><table class=\"has-subtle-pale-green-background-color has-fixed-layout has-background\"><tbody><tr><td><strong>Ausbaugr\u00f6sse<\/strong><\/td><td>19 500 Einwohnergleichwerte<\/td><\/tr><tr><td><strong>Momentan angeschlossen<\/strong><\/td><td>6&#8217;786 Einwohner <br>796 EWG-Industrie <\/td><\/tr><\/tbody><\/table><\/figure>\n\n\n\n<p class=\"has-large-font-size\"><strong>Chronik<\/strong><\/p>\n\n\n\n<p class=\"has-text-align-center\"><strong>2025<\/strong><\/p>\n\n\n\n<ul><li>Sanierung Fault\u00fcrme und Dachaufbau \u00fcber Fault\u00fcrme<\/li><\/ul>\n\n\n\n<h4 class=\"has-text-align-center\">2024<br><\/h4>\n\n\n\n<ul><li>Einbau BHKW II<\/li><\/ul>\n\n\n\n<p class=\"has-text-align-center\"><strong>2023<\/strong><\/p>\n\n\n\n<ul><li>Einbau BHKW I<\/li><\/ul>\n\n\n\n<p class=\"has-text-align-center\"><strong>2022<\/strong><\/p>\n\n\n\n<ul><li>Ersatz \u00dcberschuss-Schlammpumpen<\/li><li>Ersetzen der Bel\u00fcftermembranen<\/li><li>Anschaffung einer R\u00fccklauf-Schlammpumpe<\/li><li>Erstellen eines Ger\u00e4teunterstandes<\/li><li>Energiekonzept in Auftrag gegegen (Ryser Ingenieure Bern)<\/li><li>Leitungsersatz Gew\u00e4sserschutzzone Schnabel in Linden<\/li><li>Ersatz T\u00fcre Regenkl\u00e4rbecken Oberdiessbach (nach Vandalismus)<\/li><li>Regenkl\u00e4rbecken mit Messungen ausger\u00fcstet inkl. \u00dcbermittlung auf PLS in der ARA<\/li><\/ul>\n\n\n\n<p class=\"has-text-align-center\"><strong>2021<\/strong><\/p>\n\n\n\n<ul><li>Ersatz Strainpresse durch Matzerator<\/li><li>Trocknung Holzschnitzel<\/li><li>Ersatz Bel\u00fcftungs-Membranen<\/li><\/ul>\n\n\n\n<p class=\"has-text-align-center\"><strong>2019<\/strong><\/p>\n\n\n\n<ul><li>Erneuerung Prozess- und Leitsystem<\/li><\/ul>\n\n\n\n<p class=\"has-text-align-center has-medium-font-size\"><strong>2017<\/strong><\/p>\n\n\n\n<ul><li>Ersatz der Schlammentw\u00e4sserung<\/li><li>Der Dekanter wurde durch eine Schneckenpresse ersetzt<\/li><\/ul>\n\n\n\n<p class=\"has-text-align-center has-medium-font-size\"><strong>2016<\/strong><\/p>\n\n\n\n<ul><li>Bau der \u00dcberschussw\u00e4rme-Nutzung, (Eigenbau Personal) <\/li><li>Trocknung von Holzschnitzel<\/li><\/ul>\n\n\n\n<p class=\"has-text-align-center has-medium-font-size\"><strong>2014<\/strong><\/p>\n\n\n\n<ul><li>Einleiten vom Deponieabwasser der AVAG Jaberg in die ARA Unteres Kiesental<\/li><\/ul>\n\n\n\n<p class=\"has-text-align-center has-medium-font-size\"><strong>2004-2010<\/strong><\/p>\n\n\n\n<ul><li>Erneuerung und Sanierung \u00fcber die ganze Anlage, PLS<\/li><\/ul>\n\n\n\n<p class=\"has-text-align-center has-medium-font-size\"><strong>2002<\/strong><\/p>\n\n\n\n<ul id=\"block-59421051-7097-442c-96ad-6fd60e579e73\"><li>Einbau des BHKW 4 mit 150 kWh elektrischer Leistung<\/li><\/ul>\n\n\n\n<p class=\"has-text-align-center has-medium-font-size\"><strong>1998<\/strong><\/p>\n\n\n\n<ul id=\"block-59421051-7097-442c-96ad-6fd60e579e73\"><li>Einbau des BHKW 3 mit 150 kWh elektrischer Leistung <\/li><li>Bau Fettannahmestelle f\u00fcr 100 m3<\/li><\/ul>\n\n\n\n<p class=\"has-text-align-center has-medium-font-size\"><strong>1996<\/strong><\/p>\n\n\n\n<ul id=\"block-59421051-7097-442c-96ad-6fd60e579e73\"><li>Ersatz Dekanter Westfalia (zwei Getriebe)<\/li><\/ul>\n\n\n\n<p class=\"has-text-align-center has-medium-font-size\"><strong>1970<\/strong><\/p>\n\n\n\n<ul><li>Einbau des BHKW 1+2 mit je 35 kWh elektrischer Leistung <\/li><li>Bau der Schlammentw\u00e4sserung Westfalia Dekanter<\/li><\/ul>\n","protected":false},"excerpt":{"rendered":"<p>Technische Daten Ausbaugr\u00f6sse 19 500 Einwohnergleichwerte Momentan angeschlossen 6&#8217;786 Einwohner 796 EWG-Industrie Chronik 2025 Sanierung Fault\u00fcrme und Dachaufbau \u00fcber Fault\u00fcrme 2024 Einbau BHKW II 2023 Einbau BHKW I 2022 Ersatz \u00dcberschuss-Schlammpumpen Ersetzen der Bel\u00fcftermembranen Anschaffung einer R\u00fccklauf-Schlammpumpe Erstellen eines Ger\u00e4teunterstandes Energiekonzept in Auftrag gegegen (Ryser Ingenieure Bern) Leitungsersatz Gew\u00e4sserschutzzone Schnabel in Linden Ersatz T\u00fcre Regenkl\u00e4rbecken &hellip; <\/p>\n<p class=\"link-more\"><a href=\"https:\/\/www.ara-kiesen.ch\/ch-de\/anlage\/\" class=\"more-link\"><span class=\"screen-reader-text\">\u201eAnlage\u201c<\/span> weiterlesen<\/a><\/p>\n","protected":false},"author":1,"featured_media":0,"parent":0,"menu_order":0,"comment_status":"closed","ping_status":"closed","template":"","meta":[],"_links":{"self":[{"href":"https:\/\/www.ara-kiesen.ch\/ch-de\/wp-json\/wp\/v2\/pages\/9"}],"collection":[{"href":"https:\/\/www.ara-kiesen.ch\/ch-de\/wp-json\/wp\/v2\/pages"}],"about":[{"href":"https:\/\/www.ara-kiesen.ch\/ch-de\/wp-json\/wp\/v2\/types\/page"}],"author":[{"embeddable":true,"href":"https:\/\/www.ara-kiesen.ch\/ch-de\/wp-json\/wp\/v2\/users\/1"}],"replies":[{"embeddable":true,"href":"https:\/\/www.ara-kiesen.ch\/ch-de\/wp-json\/wp\/v2\/comments?post=9"}],"version-history":[{"count":24,"href":"https:\/\/www.ara-kiesen.ch\/ch-de\/wp-json\/wp\/v2\/pages\/9\/revisions"}],"predecessor-version":[{"id":682,"href":"https:\/\/www.ara-kiesen.ch\/ch-de\/wp-json\/wp\/v2\/pages\/9\/revisions\/682"}],"wp:attachment":[{"href":"https:\/\/www.ara-kiesen.ch\/ch-de\/wp-json\/wp\/v2\/media?parent=9"}],"curies":[{"name":"wp","href":"https:\/\/api.w.org\/{rel}","templated":true}]}}