{"id":156,"date":"2021-06-04T08:29:28","date_gmt":"2021-06-04T08:29:28","guid":{"rendered":"https:\/\/www.ara-kiesen.ch\/ch-de\/?page_id=156"},"modified":"2025-06-23T14:47:09","modified_gmt":"2025-06-23T12:47:09","slug":"156-2","status":"publish","type":"page","link":"https:\/\/www.ara-kiesen.ch\/ch-de\/156-2\/","title":{"rendered":""},"content":{"rendered":"\n<p class=\"has-text-align-center has-large-font-size\">Vorstand<\/p>\n\n\n\n<div class=\"wp-block-columns\">\n<div class=\"wp-block-column\">\n<div class=\"wp-block-image is-style-default\"><figure class=\"aligncenter size-large is-resized\"><img loading=\"lazy\" src=\"https:\/\/www.ara-kiesen.ch\/ch-de\/wp-content\/uploads\/2023\/02\/image.jpeg\" alt=\"\" class=\"wp-image-453\" width=\"108\" height=\"144\" srcset=\"https:\/\/www.ara-kiesen.ch\/ch-de\/wp-content\/uploads\/2023\/02\/image.jpeg 251w, https:\/\/www.ara-kiesen.ch\/ch-de\/wp-content\/uploads\/2023\/02\/image-225x300.jpeg 225w\" sizes=\"(max-width: 108px) 100vw, 108px\" \/><\/figure><\/div>\n\n\n\n<p class=\"has-text-align-center\"><strong>Nyfeler Theodor, Oberdiessbach<\/strong><br>Pr\u00e4sident<br><em>th.nyfeler@ara-kiesen.ch<\/em><br><br><\/p>\n<\/div>\n\n\n\n<div class=\"wp-block-column\">\n<div class=\"wp-block-image is-style-default\"><figure class=\"aligncenter size-large is-resized\"><img loading=\"lazy\" src=\"https:\/\/www.ara-kiesen.ch\/ch-de\/wp-content\/uploads\/2025\/01\/kraehenbuehl-Sandra-1.jpg\" alt=\"\" class=\"wp-image-613\" width=\"128\" height=\"147\" srcset=\"https:\/\/www.ara-kiesen.ch\/ch-de\/wp-content\/uploads\/2025\/01\/kraehenbuehl-Sandra-1.jpg 480w, https:\/\/www.ara-kiesen.ch\/ch-de\/wp-content\/uploads\/2025\/01\/kraehenbuehl-Sandra-1-262x300.jpg 262w\" sizes=\"(max-width: 128px) 100vw, 128px\" \/><\/figure><\/div>\n\n\n\n<p class=\"has-text-align-center\"><strong>Kr\u00e4henb\u00fchl Sandra, Brenzikofen<\/strong><br>Vize-Pr\u00e4sidentin<br>Mitglied Betriebskommission<br><em>s.kraehenbuehl@ara-kiesen<\/em>.ch<\/p>\n<\/div>\n\n\n\n<div class=\"wp-block-column\">\n<div class=\"wp-block-image is-style-default\"><figure class=\"aligncenter size-full is-resized\"><img loading=\"lazy\" src=\"https:\/\/www.ara-kiesen.ch\/ch-de\/wp-content\/uploads\/2021\/06\/Hans-Baur-1.jpg\" alt=\"\" class=\"wp-image-264\" width=\"110\" height=\"146\" srcset=\"https:\/\/www.ara-kiesen.ch\/ch-de\/wp-content\/uploads\/2021\/06\/Hans-Baur-1.jpg 251w, https:\/\/www.ara-kiesen.ch\/ch-de\/wp-content\/uploads\/2021\/06\/Hans-Baur-1-225x300.jpg 225w\" sizes=\"(max-width: 110px) 100vw, 110px\" \/><\/figure><\/div>\n\n\n\n<p class=\"has-text-align-center\"><strong>Baur Hans, Herbligen<\/strong><br>Vorstandsmitglied<br>Pr\u00e4sident Betriebskommission<br><em>h.baur@ara-kiesen.ch<\/em><\/p>\n\n\n\n<div style=\"height:1px\" aria-hidden=\"true\" class=\"wp-block-spacer\"><\/div>\n<\/div>\n<\/div>\n\n\n\n<div class=\"wp-block-columns\">\n<div class=\"wp-block-column\">\n<div class=\"wp-block-image is-style-default\"><figure class=\"aligncenter size-large is-resized\"><img loading=\"lazy\" src=\"https:\/\/www.ara-kiesen.ch\/ch-de\/wp-content\/uploads\/2023\/02\/picture-2600-1024x576.jpg\" alt=\"\" class=\"wp-image-446\" width=\"165\" height=\"93\" srcset=\"https:\/\/www.ara-kiesen.ch\/ch-de\/wp-content\/uploads\/2023\/02\/picture-2600-1024x576.jpg 1024w, https:\/\/www.ara-kiesen.ch\/ch-de\/wp-content\/uploads\/2023\/02\/picture-2600-300x169.jpg 300w, https:\/\/www.ara-kiesen.ch\/ch-de\/wp-content\/uploads\/2023\/02\/picture-2600-768x432.jpg 768w, https:\/\/www.ara-kiesen.ch\/ch-de\/wp-content\/uploads\/2023\/02\/picture-2600-1536x864.jpg 1536w, https:\/\/www.ara-kiesen.ch\/ch-de\/wp-content\/uploads\/2023\/02\/picture-2600-2048x1152.jpg 2048w\" sizes=\"(max-width: 165px) 100vw, 165px\" \/><\/figure><\/div>\n\n\n\n<p class=\"has-text-align-center\"><strong>Heiniger Beat, Jaberg<\/strong><br>Vorstandsmitglied<br>Pr\u00e4sident Finanzkommission<br><em>b.heiniger@ara-kiesen.ch<\/em><\/p>\n<\/div>\n\n\n\n<div class=\"wp-block-column\">\n<div class=\"wp-block-image\"><figure class=\"aligncenter size-large is-resized\"><img loading=\"lazy\" src=\"https:\/\/www.ara-kiesen.ch\/ch-de\/wp-content\/uploads\/2023\/02\/Hanspeter-Anthon_komprimiert-1024x684.jpg\" alt=\"\" class=\"wp-image-441\" width=\"142\" height=\"91\"\/><\/figure><\/div>\n\n\n\n<p class=\"has-text-align-center\"><strong>Anthon Hans Peter, Bleiken b.O.<\/strong><br>Vorstandsmitglied<br><em>h.p.anthon@ara-kiesen.ch<\/em><\/p>\n<\/div>\n\n\n\n<div class=\"wp-block-column\">\n<div class=\"wp-block-image is-style-default\"><figure class=\"aligncenter size-large is-resized\"><img loading=\"lazy\" src=\"https:\/\/www.ara-kiesen.ch\/ch-de\/wp-content\/uploads\/2025\/06\/Bigler-Daniel.jpg\" alt=\"\" class=\"wp-image-637\" width=\"62\" height=\"94\"\/><\/figure><\/div>\n\n\n\n<p class=\"has-text-align-center\"><strong>Bigler Daniel, Kiesen<\/strong><br>Vorstandsmitglied<br><em>d.bigler@ara-kiesen.ch<\/em><br><br><\/p>\n<\/div>\n<\/div>\n\n\n\n<div class=\"wp-block-columns\">\n<div class=\"wp-block-column\">\n<div class=\"wp-block-image is-style-default\"><figure class=\"aligncenter size-large is-resized\"><img loading=\"lazy\" src=\"https:\/\/www.ara-kiesen.ch\/ch-de\/wp-content\/uploads\/2024\/12\/Buehler-Urs.jpg\" alt=\"\" class=\"wp-image-602\" width=\"91\" height=\"121\" srcset=\"https:\/\/www.ara-kiesen.ch\/ch-de\/wp-content\/uploads\/2024\/12\/Buehler-Urs.jpg 250w, https:\/\/www.ara-kiesen.ch\/ch-de\/wp-content\/uploads\/2024\/12\/Buehler-Urs-225x300.jpg 225w\" sizes=\"(max-width: 91px) 100vw, 91px\" \/><\/figure><\/div>\n\n\n\n<p class=\"has-text-align-center\"><strong>B\u00fchler Urs, Linden<\/strong><br>Vorstandsmitglied<br><em>u.buehler@ara-kiesen.ch<\/em> <\/p>\n\n\n\n<p class=\"has-text-align-center\"><br><br><\/p>\n<\/div>\n\n\n\n<div class=\"wp-block-column\">\n<div class=\"wp-block-image is-style-default\"><figure class=\"aligncenter size-large is-resized\"><img loading=\"lazy\" src=\"https:\/\/www.ara-kiesen.ch\/ch-de\/wp-content\/uploads\/2024\/09\/Juerg_Buehlmann-1-683x1024.jpg\" alt=\"\" class=\"wp-image-578\" width=\"84\" height=\"125\" srcset=\"https:\/\/www.ara-kiesen.ch\/ch-de\/wp-content\/uploads\/2024\/09\/Juerg_Buehlmann-1-683x1024.jpg 683w, https:\/\/www.ara-kiesen.ch\/ch-de\/wp-content\/uploads\/2024\/09\/Juerg_Buehlmann-1-200x300.jpg 200w, https:\/\/www.ara-kiesen.ch\/ch-de\/wp-content\/uploads\/2024\/09\/Juerg_Buehlmann-1-768x1151.jpg 768w, https:\/\/www.ara-kiesen.ch\/ch-de\/wp-content\/uploads\/2024\/09\/Juerg_Buehlmann-1-1025x1536.jpg 1025w, https:\/\/www.ara-kiesen.ch\/ch-de\/wp-content\/uploads\/2024\/09\/Juerg_Buehlmann-1.jpg 1281w\" sizes=\"(max-width: 84px) 100vw, 84px\" \/><\/figure><\/div>\n\n\n\n<p class=\"has-text-align-center\"><strong>B\u00fchlmann J\u00fcrg, Oppligen<\/strong><br>Vorstandsmitglied<br>j.buehlmann<em>@ara-kiesen.ch<\/em><\/p>\n<\/div>\n\n\n\n<div class=\"wp-block-column\">\n<div class=\"wp-block-image\"><figure class=\"aligncenter size-large is-resized\"><img loading=\"lazy\" src=\"https:\/\/www.ara-kiesen.ch\/ch-de\/wp-content\/uploads\/2021\/06\/Andre-Furrer.jpg\" alt=\"\" class=\"wp-image-257\" width=\"93\" height=\"123\" srcset=\"https:\/\/www.ara-kiesen.ch\/ch-de\/wp-content\/uploads\/2021\/06\/Andre-Furrer.jpg 251w, https:\/\/www.ara-kiesen.ch\/ch-de\/wp-content\/uploads\/2021\/06\/Andre-Furrer-225x300.jpg 225w\" sizes=\"(max-width: 93px) 100vw, 93px\" \/><\/figure><\/div>\n\n\n\n<p class=\"has-text-align-center\"><strong>Furrer Andr\u00e9, Bleiken b.O<\/strong>.<br>Vorstandsmitglied<br>Mitglied Betriebskommission<br>a.furrer<em>@ara-kiesen.ch<\/em><br><br><\/p>\n<\/div>\n<\/div>\n\n\n\n<div class=\"wp-block-columns\">\n<div class=\"wp-block-column\">\n<div class=\"wp-block-image\"><figure class=\"aligncenter size-large is-resized\"><img loading=\"lazy\" src=\"https:\/\/www.ara-kiesen.ch\/ch-de\/wp-content\/uploads\/2023\/02\/19-3326-100x130-1-e1704709018928.png\" alt=\"\" class=\"wp-image-444\" width=\"80\" height=\"131\"\/><\/figure><\/div>\n\n\n\n<p class=\"has-text-align-center\"><strong>Gresser Yannic, Kiesen<\/strong><br>Vorstandsmitglied<br>Mitglied Finanzkommission<br>y.gresser<em>@ara-kiesen.ch<\/em><\/p>\n<\/div>\n\n\n\n<div class=\"wp-block-column\">\n<div class=\"wp-block-image\"><figure class=\"aligncenter size-large is-resized\"><img loading=\"lazy\" src=\"https:\/\/www.ara-kiesen.ch\/ch-de\/wp-content\/uploads\/2023\/02\/1671284481779.jpg\" alt=\"\" class=\"wp-image-448\" width=\"99\" height=\"86\"\/><\/figure><\/div>\n\n\n\n<p class=\"has-text-align-center\"><strong>W\u00fcthrich Hans-Martin, Oberdiessbach<br><\/strong>Vorstandsmitglied <br>Mitglied Betriebskommission<br><em>hm.wuethrich@ara-kiesen.ch<\/em><\/p>\n<\/div>\n\n\n\n<div class=\"wp-block-column\"><\/div>\n<\/div>\n\n\n\n<p><\/p>\n","protected":false},"excerpt":{"rendered":"<p>Vorstand Nyfeler Theodor, OberdiessbachPr\u00e4sidentth.nyfeler@ara-kiesen.ch Kr\u00e4henb\u00fchl Sandra, BrenzikofenVize-Pr\u00e4sidentinMitglied Betriebskommissions.kraehenbuehl@ara-kiesen.ch Baur Hans, HerbligenVorstandsmitgliedPr\u00e4sident Betriebskommissionh.baur@ara-kiesen.ch Heiniger Beat, JabergVorstandsmitgliedPr\u00e4sident Finanzkommissionb.heiniger@ara-kiesen.ch Anthon Hans Peter, Bleiken b.O.Vorstandsmitgliedh.p.anthon@ara-kiesen.ch Bigler Daniel, KiesenVorstandsmitgliedd.bigler@ara-kiesen.ch B\u00fchler Urs, LindenVorstandsmitgliedu.buehler@ara-kiesen.ch B\u00fchlmann J\u00fcrg, OppligenVorstandsmitgliedj.buehlmann@ara-kiesen.ch Furrer Andr\u00e9, Bleiken b.O.VorstandsmitgliedMitglied Betriebskommissiona.furrer@ara-kiesen.ch Gresser Yannic, KiesenVorstandsmitgliedMitglied Finanzkommissiony.gresser@ara-kiesen.ch W\u00fcthrich Hans-Martin, OberdiessbachVorstandsmitglied Mitglied Betriebskommissionhm.wuethrich@ara-kiesen.ch<\/p>\n","protected":false},"author":1,"featured_media":0,"parent":0,"menu_order":0,"comment_status":"closed","ping_status":"closed","template":"","meta":[],"_links":{"self":[{"href":"https:\/\/www.ara-kiesen.ch\/ch-de\/wp-json\/wp\/v2\/pages\/156"}],"collection":[{"href":"https:\/\/www.ara-kiesen.ch\/ch-de\/wp-json\/wp\/v2\/pages"}],"about":[{"href":"https:\/\/www.ara-kiesen.ch\/ch-de\/wp-json\/wp\/v2\/types\/page"}],"author":[{"embeddable":true,"href":"https:\/\/www.ara-kiesen.ch\/ch-de\/wp-json\/wp\/v2\/users\/1"}],"replies":[{"embeddable":true,"href":"https:\/\/www.ara-kiesen.ch\/ch-de\/wp-json\/wp\/v2\/comments?post=156"}],"version-history":[{"count":106,"href":"https:\/\/www.ara-kiesen.ch\/ch-de\/wp-json\/wp\/v2\/pages\/156\/revisions"}],"predecessor-version":[{"id":648,"href":"https:\/\/www.ara-kiesen.ch\/ch-de\/wp-json\/wp\/v2\/pages\/156\/revisions\/648"}],"wp:attachment":[{"href":"https:\/\/www.ara-kiesen.ch\/ch-de\/wp-json\/wp\/v2\/media?parent=156"}],"curies":[{"name":"wp","href":"https:\/\/api.w.org\/{rel}","templated":true}]}}